{"id":299,"date":"2024-11-06T12:12:37","date_gmt":"2024-11-06T15:12:37","guid":{"rendered":"https:\/\/bossaresearch.com\/?page_id=299"},"modified":"2025-01-28T15:12:27","modified_gmt":"2025-01-28T18:12:27","slug":"sobre-nos","status":"publish","type":"page","link":"https:\/\/bossaresearch.com\/en\/sobre-nos\/","title":{"rendered":"About us"},"content":{"rendered":"<div data-elementor-type=\"wp-page\" data-elementor-id=\"299\" class=\"elementor elementor-299\" data-elementor-post-type=\"page\">\n\t\t\t\t<div class=\"elementor-element elementor-element-f1bfa31 animated-slow e-flex e-con-boxed elementor-invisible e-con e-parent\" data-id=\"f1bfa31\" data-element_type=\"container\" data-e-type=\"container\" data-settings=\"{&quot;animation&quot;:&quot;fadeInLeft&quot;,&quot;jet_parallax_layout_list&quot;:[]}\">\n\t\t\t\t\t<div class=\"e-con-inner\">\n\t\t\t\t<div class=\"elementor-element elementor-element-5004174 elementor-widget elementor-widget-image\" data-id=\"5004174\" data-element_type=\"widget\" data-e-type=\"widget\" data-widget_type=\"image.default\">\n\t\t\t\t<div class=\"elementor-widget-container\">\n\t\t\t\t\t\t\t\t\t\t\t\t\t\t\t<img decoding=\"async\" width=\"1\" height=\"16\" src=\"https:\/\/bossaresearch.com\/wp-content\/uploads\/2024\/11\/empresa-de-pesquisa-de-mercado.png\" class=\"attachment-large size-large wp-image-430\" alt=\"Market Research Company\" \/>\t\t\t\t\t\t\t\t\t\t\t\t\t\t\t<\/div>\n\t\t\t\t<\/div>\n\t\t\t\t<div class=\"elementor-element elementor-element-23644b0 elementor-widget__width-initial elementor-widget elementor-widget-heading\" data-id=\"23644b0\" data-element_type=\"widget\" data-e-type=\"widget\" data-widget_type=\"heading.default\">\n\t\t\t\t<div class=\"elementor-widget-container\">\n\t\t\t\t\t<h1 class=\"elementor-heading-title elementor-size-default\">About us<\/h1>\t\t\t\t<\/div>\n\t\t\t\t<\/div>\n\t\t\t\t<div class=\"elementor-element elementor-element-fdab091 elementor-widget__width-initial elementor-widget elementor-widget-text-editor\" data-id=\"fdab091\" data-element_type=\"widget\" data-e-type=\"widget\" data-widget_type=\"text-editor.default\">\n\t\t\t\t<div class=\"elementor-widget-container\">\n\t\t\t\t\t\t\t\t\t<p>We are more than a research consultancy<\/p>\t\t\t\t\t\t\t\t<\/div>\n\t\t\t\t<\/div>\n\t\t\t\t<div class=\"elementor-element elementor-element-4eb81f2 elementor-widget__width-initial elementor-widget elementor-widget-text-editor\" data-id=\"4eb81f2\" data-element_type=\"widget\" data-e-type=\"widget\" data-widget_type=\"text-editor.default\">\n\t\t\t\t<div class=\"elementor-widget-container\">\n\t\t\t\t\t\t\t\t\t<p>We are strategic partners ready to drive your product's success at every stage of development.<\/p>\t\t\t\t\t\t\t\t<\/div>\n\t\t\t\t<\/div>\n\t\t<div class=\"elementor-element elementor-element-4c295f8 e-con-full elementor-hidden-widescreen elementor-hidden-desktop elementor-hidden-tablet elementor-hidden-mobile e-flex e-con e-child\" data-id=\"4c295f8\" data-element_type=\"container\" data-e-type=\"container\" data-settings=\"{&quot;jet_parallax_layout_list&quot;:[]}\">\n\t\t\t\t<div class=\"elementor-element elementor-element-708da20 elementor-widget__width-inherit elementor-widget elementor-widget-image-carousel\" data-id=\"708da20\" data-element_type=\"widget\" data-e-type=\"widget\" data-settings=\"{&quot;slides_to_show&quot;:&quot;6&quot;,&quot;slides_to_scroll&quot;:&quot;1&quot;,&quot;navigation&quot;:&quot;none&quot;,&quot;image_spacing_custom&quot;:{&quot;unit&quot;:&quot;px&quot;,&quot;size&quot;:80,&quot;sizes&quot;:[]},&quot;slides_to_show_tablet&quot;:&quot;5&quot;,&quot;slides_to_show_mobile&quot;:&quot;2&quot;,&quot;image_spacing_custom_tablet&quot;:{&quot;unit&quot;:&quot;px&quot;,&quot;size&quot;:32,&quot;sizes&quot;:[]},&quot;image_spacing_custom_mobile&quot;:{&quot;unit&quot;:&quot;px&quot;,&quot;size&quot;:32,&quot;sizes&quot;:[]},&quot;slides_to_show_widescreen&quot;:&quot;8&quot;,&quot;slides_to_scroll_widescreen&quot;:&quot;1&quot;,&quot;autoplay&quot;:&quot;yes&quot;,&quot;pause_on_hover&quot;:&quot;yes&quot;,&quot;pause_on_interaction&quot;:&quot;yes&quot;,&quot;autoplay_speed&quot;:5000,&quot;infinite&quot;:&quot;yes&quot;,&quot;speed&quot;:500,&quot;image_spacing_custom_widescreen&quot;:{&quot;unit&quot;:&quot;px&quot;,&quot;size&quot;:&quot;&quot;,&quot;sizes&quot;:[]}}\" data-widget_type=\"image-carousel.default\">\n\t\t\t\t<div class=\"elementor-widget-container\">\n\t\t\t\t\t\t\t<div class=\"elementor-image-carousel-wrapper swiper\" role=\"region\" aria-roledescription=\"carousel\" aria-label=\"Carrossel de imagens\" dir=\"ltr\">\n\t\t\t<div class=\"elementor-image-carousel swiper-wrapper\" aria-live=\"off\">\n\t\t\t\t\t\t\t\t<div class=\"swiper-slide\" role=\"group\" aria-roledescription=\"slide\" aria-label=\"1 of 4\"><figure class=\"swiper-slide-inner\"><img decoding=\"async\" class=\"swiper-slide-image\" src=\"https:\/\/bossaresearch.com\/wp-content\/uploads\/2024\/11\/empresa-de-pesquisa-de-mercado-4.png\" alt=\"empresa de pesquisa de mercado ()\" \/><\/figure><\/div><div class=\"swiper-slide\" role=\"group\" aria-roledescription=\"slide\" aria-label=\"2 of 4\"><figure class=\"swiper-slide-inner\"><img decoding=\"async\" class=\"swiper-slide-image\" src=\"https:\/\/bossaresearch.com\/wp-content\/uploads\/2024\/11\/empresa-de-pesquisa-de-mercado-3.png\" alt=\"empresa de pesquisa de mercado ()\" \/><\/figure><\/div><div class=\"swiper-slide\" role=\"group\" aria-roledescription=\"slide\" aria-label=\"3 of 4\"><figure class=\"swiper-slide-inner\"><img decoding=\"async\" class=\"swiper-slide-image\" src=\"https:\/\/bossaresearch.com\/wp-content\/uploads\/2024\/11\/empresa-de-pesquisa-de-mercado-2.png\" alt=\"empresa de pesquisa de mercado ()\" \/><\/figure><\/div><div class=\"swiper-slide\" role=\"group\" aria-roledescription=\"slide\" aria-label=\"4 of 4\"><figure class=\"swiper-slide-inner\"><img decoding=\"async\" class=\"swiper-slide-image\" src=\"https:\/\/bossaresearch.com\/wp-content\/uploads\/2024\/11\/empresa-de-pesquisa-de-mercado-5.png\" alt=\"empresa de pesquisa de mercado ()\" \/><\/figure><\/div>\t\t\t<\/div>\n\t\t\t\t\t\t\t\n\t\t\t\t\t\t\t\t\t<\/div>\n\t\t\t\t\t\t<\/div>\n\t\t\t\t<\/div>\n\t\t\t\t<\/div>\n\t\t\t\t\t<\/div>\n\t\t\t\t<\/div>\n\t\t<div class=\"elementor-element elementor-element-b70cc12 e-flex e-con-boxed e-con e-parent\" data-id=\"b70cc12\" data-element_type=\"container\" data-e-type=\"container\" data-settings=\"{&quot;jet_parallax_layout_list&quot;:[]}\">\n\t\t\t\t\t<div class=\"e-con-inner\">\n\t\t\t\t<div class=\"elementor-element elementor-element-5502ccc elementor-widget__width-initial animated-slow elementor-invisible elementor-widget elementor-widget-text-editor\" data-id=\"5502ccc\" data-element_type=\"widget\" data-e-type=\"widget\" data-settings=\"{&quot;_animation&quot;:&quot;fadeInLeft&quot;}\" data-widget_type=\"text-editor.default\">\n\t\t\t\t<div class=\"elementor-widget-container\">\n\t\t\t\t\t\t\t\t\t<p>At Bossa Research, we believe research is more than just data \u2014 it\u2019s about understanding people and their needs to drive businesses strategically and effectively. Our inspiration comes from the 1950s Rio de Janeiro slang, where \"bossa\" symbolized a distinct, original, and effortless approach. We embody this essence in every project, offering innovative solutions that help our clients overcome challenges and achieve their goals efficiently.<\/p><p>With offices in Rio de Janeiro, S\u00e3o Paulo and London, we are strategically positioned to serve businesses across Brazil and the UK. Our team is equipped to run high-quality research studies in any region of the country, connecting brands to powerful insights that drive business decisions.<\/p><p>By embracing the essence of \"bossa,\" we commit to originality, simplicity, and excellence at every stage of the research process. Our goal is to ensure that our results are always aligned with the needs and expectations of our clients.<\/p>\t\t\t\t\t\t\t\t<\/div>\n\t\t\t\t<\/div>\n\t\t\t\t<div class=\"elementor-element elementor-element-b700344 animated-slow elementor-invisible elementor-widget elementor-widget-image\" data-id=\"b700344\" data-element_type=\"widget\" data-e-type=\"widget\" data-settings=\"{&quot;_animation&quot;:&quot;fadeInRight&quot;}\" data-widget_type=\"image.default\">\n\t\t\t\t<div class=\"elementor-widget-container\">\n\t\t\t\t\t\t\t\t\t\t\t\t\t\t\t<img fetchpriority=\"high\" decoding=\"async\" width=\"800\" height=\"978\" src=\"https:\/\/bossaresearch.com\/wp-content\/uploads\/2025\/01\/WhatsApp-Image-2025-01-28-at-15.11.41-838x1024.jpeg\" class=\"attachment-large size-large wp-image-1639\" alt=\"WhatsApp Image at\" srcset=\"https:\/\/bossaresearch.com\/wp-content\/uploads\/2025\/01\/WhatsApp-Image-2025-01-28-at-15.11.41-838x1024.jpeg 838w, https:\/\/bossaresearch.com\/wp-content\/uploads\/2025\/01\/WhatsApp-Image-2025-01-28-at-15.11.41-246x300.jpeg 246w, https:\/\/bossaresearch.com\/wp-content\/uploads\/2025\/01\/WhatsApp-Image-2025-01-28-at-15.11.41-768x938.jpeg 768w, https:\/\/bossaresearch.com\/wp-content\/uploads\/2025\/01\/WhatsApp-Image-2025-01-28-at-15.11.41-1258x1536.jpeg 1258w, https:\/\/bossaresearch.com\/wp-content\/uploads\/2025\/01\/WhatsApp-Image-2025-01-28-at-15.11.41-10x12.jpeg 10w, https:\/\/bossaresearch.com\/wp-content\/uploads\/2025\/01\/WhatsApp-Image-2025-01-28-at-15.11.41.jpeg 1310w\" sizes=\"(max-width: 800px) 100vw, 800px\" \/>\t\t\t\t\t\t\t\t\t\t\t\t\t\t\t<\/div>\n\t\t\t\t<\/div>\n\t\t\t\t\t<\/div>\n\t\t\t\t<\/div>\n\t\t<div class=\"elementor-element elementor-element-15063e5a e-flex e-con-boxed e-con e-parent\" data-id=\"15063e5a\" data-element_type=\"container\" data-e-type=\"container\" data-settings=\"{&quot;background_background&quot;:&quot;classic&quot;,&quot;jet_parallax_layout_list&quot;:[]}\">\n\t\t\t\t\t<div class=\"e-con-inner\">\n\t\t\t\t<div class=\"elementor-element elementor-element-4bd5bc52 elementor-widget__width-initial animated-slow elementor-invisible elementor-widget elementor-widget-heading\" data-id=\"4bd5bc52\" data-element_type=\"widget\" data-e-type=\"widget\" data-settings=\"{&quot;_animation&quot;:&quot;fadeInDown&quot;}\" data-widget_type=\"heading.default\">\n\t\t\t\t<div class=\"elementor-widget-container\">\n\t\t\t\t\t<h3 class=\"elementor-heading-title elementor-size-default\">Discover how we can take your business to <b>the next level.<\/b><\/h3>\t\t\t\t<\/div>\n\t\t\t\t<\/div>\n\t\t\t\t<div class=\"elementor-element elementor-element-76d6c33e animated-slow elementor-mobile-align-justify elementor-widget-mobile__width-inherit elementor-invisible elementor-widget elementor-widget-button\" data-id=\"76d6c33e\" data-element_type=\"widget\" data-e-type=\"widget\" data-settings=\"{&quot;_animation&quot;:&quot;fadeInDown&quot;}\" data-widget_type=\"button.default\">\n\t\t\t\t<div class=\"elementor-widget-container\">\n\t\t\t\t\t\t\t\t\t<div class=\"elementor-button-wrapper\">\n\t\t\t\t\t<a class=\"elementor-button elementor-button-link elementor-size-sm elementor-animation-grow\" href=\"https:\/\/bossaresearch.com\/en\/contato\/\">\n\t\t\t\t\t\t<span class=\"elementor-button-content-wrapper\">\n\t\t\t\t\t\t<span class=\"elementor-button-icon\">\n\t\t\t\t<svg xmlns=\"http:\/\/www.w3.org\/2000\/svg\" width=\"56\" height=\"56\" viewbox=\"0 0 56 56\" fill=\"none\"><rect width=\"56\" height=\"56\" rx=\"28\" fill=\"black\"><\/rect><g clip-path=\"url(#clip0_345_281)\"><path d=\"M36.8628 31.3506C37.5213 27.1723 38.08 24.9591 39.547 21.3331C35.5909 20.8101 33.3733 20.2156 29.5295 18.6489\" stroke=\"white\" stroke-width=\"2\" stroke-linecap=\"round\" stroke-linejoin=\"round\"><\/path><path d=\"M17.6079 34L39.2585 21.5\" stroke=\"white\" stroke-width=\"2\" stroke-linecap=\"round\" stroke-linejoin=\"round\"><\/path><\/g><defs><clippath id=\"clip0_345_281\"><rect x=\"18.4116\" y=\"47.3923\" width=\"24\" height=\"36\" rx=\"12\" transform=\"rotate(-120 18.4116 47.3923)\" fill=\"white\"><\/rect><\/clippath><\/defs><\/svg>\t\t\t<\/span>\n\t\t\t\t\t\t\t\t\t<span class=\"elementor-button-text\">Get in touch<\/span>\n\t\t\t\t\t<\/span>\n\t\t\t\t\t<\/a>\n\t\t\t\t<\/div>\n\t\t\t\t\t\t\t\t<\/div>\n\t\t\t\t<\/div>\n\t\t\t\t\t<\/div>\n\t\t\t\t<\/div>\n\t\t\t\t<\/div>","protected":false},"excerpt":{"rendered":"<p>Sobre n\u00f3s Somos mais que uma consultoria de pesquisa Somos parceiros estrat\u00e9gicos prontos para impulsionar o sucesso do seu produto em cada fase de desenvolvimento. Na Bossa Research, acreditamos que pesquisa \u00e9 mais do que dados \u2014 \u00e9 sobre entender as pessoas e suas necessidades para impulsionar neg\u00f3cios de forma estrat\u00e9gica e eficaz. Nossa inspira\u00e7\u00e3o [&hellip;]<\/p>","protected":false},"author":2,"featured_media":0,"parent":0,"menu_order":0,"comment_status":"closed","ping_status":"closed","template":"","meta":{"footnotes":""},"class_list":["post-299","page","type-page","status-publish","hentry"],"yoast_head":"<!-- This site is optimized with the Yoast SEO plugin v27.2 - https:\/\/yoast.com\/product\/yoast-seo-wordpress\/ -->\n<title>Sobre N\u00f3s | Bossa Research<\/title>\n<meta name=\"description\" content=\"Conhe\u00e7a a Bossa Research: empresa de pesquisa de mercado comprometida com insights de qualidade para decis\u00f5es estrat\u00e9gicas.\" \/>\n<meta name=\"robots\" content=\"index, follow, max-snippet:-1, max-image-preview:large, max-video-preview:-1\" \/>\n<link rel=\"canonical\" href=\"https:\/\/bossaresearch.com\/en\/sobre-nos\/\" \/>\n<meta property=\"og:locale\" content=\"en_US\" \/>\n<meta property=\"og:type\" content=\"article\" \/>\n<meta property=\"og:title\" content=\"Sobre N\u00f3s | Bossa Research\" \/>\n<meta property=\"og:description\" content=\"Conhe\u00e7a a Bossa Research: empresa de pesquisa de mercado comprometida com insights de qualidade para decis\u00f5es estrat\u00e9gicas.\" \/>\n<meta property=\"og:url\" content=\"https:\/\/bossaresearch.com\/en\/sobre-nos\/\" \/>\n<meta property=\"og:site_name\" content=\"Bossa Research\" \/>\n<meta property=\"article:modified_time\" content=\"2025-01-28T18:12:27+00:00\" \/>\n<meta property=\"og:image\" content=\"https:\/\/bossaresearch.com\/wp-content\/uploads\/2024\/11\/empresa-de-pesquisa-de-mercado.png\" \/>\n\t<meta property=\"og:image:width\" content=\"1\" \/>\n\t<meta property=\"og:image:height\" content=\"16\" \/>\n\t<meta property=\"og:image:type\" content=\"image\/png\" \/>\n<meta name=\"twitter:card\" content=\"summary_large_image\" \/>\n<meta name=\"twitter:label1\" content=\"Est. reading time\" \/>\n\t<meta name=\"twitter:data1\" content=\"4 minutes\" \/>\n<script type=\"application\/ld+json\" class=\"yoast-schema-graph\">{\"@context\":\"https:\/\/schema.org\",\"@graph\":[{\"@type\":\"WebPage\",\"@id\":\"https:\/\/bossaresearch.com\/sobre-nos\/\",\"url\":\"https:\/\/bossaresearch.com\/sobre-nos\/\",\"name\":\"Sobre N\u00f3s | Bossa Research\",\"isPartOf\":{\"@id\":\"https:\/\/bossaresearch.com\/#website\"},\"primaryImageOfPage\":{\"@id\":\"https:\/\/bossaresearch.com\/sobre-nos\/#primaryimage\"},\"image\":{\"@id\":\"https:\/\/bossaresearch.com\/sobre-nos\/#primaryimage\"},\"thumbnailUrl\":\"https:\/\/bossaresearch.com\/wp-content\/uploads\/2024\/11\/empresa-de-pesquisa-de-mercado.png\",\"datePublished\":\"2024-11-06T15:12:37+00:00\",\"dateModified\":\"2025-01-28T18:12:27+00:00\",\"description\":\"Conhe\u00e7a a Bossa Research: empresa de pesquisa de mercado comprometida com insights de qualidade para decis\u00f5es estrat\u00e9gicas.\",\"breadcrumb\":{\"@id\":\"https:\/\/bossaresearch.com\/sobre-nos\/#breadcrumb\"},\"inLanguage\":\"en-US\",\"potentialAction\":[{\"@type\":\"ReadAction\",\"target\":[\"https:\/\/bossaresearch.com\/sobre-nos\/\"]}]},{\"@type\":\"ImageObject\",\"inLanguage\":\"en-US\",\"@id\":\"https:\/\/bossaresearch.com\/sobre-nos\/#primaryimage\",\"url\":\"https:\/\/bossaresearch.com\/wp-content\/uploads\/2024\/11\/empresa-de-pesquisa-de-mercado.png\",\"contentUrl\":\"https:\/\/bossaresearch.com\/wp-content\/uploads\/2024\/11\/empresa-de-pesquisa-de-mercado.png\"},{\"@type\":\"BreadcrumbList\",\"@id\":\"https:\/\/bossaresearch.com\/sobre-nos\/#breadcrumb\",\"itemListElement\":[{\"@type\":\"ListItem\",\"position\":1,\"name\":\"In\u00edcio\",\"item\":\"https:\/\/bossaresearch.com\/\"},{\"@type\":\"ListItem\",\"position\":2,\"name\":\"Sobre n\u00f3s\"}]},{\"@type\":\"WebSite\",\"@id\":\"https:\/\/bossaresearch.com\/#website\",\"url\":\"https:\/\/bossaresearch.com\/\",\"name\":\"Bossa Research\",\"description\":\"UX Research Consultancy\",\"potentialAction\":[{\"@type\":\"SearchAction\",\"target\":{\"@type\":\"EntryPoint\",\"urlTemplate\":\"https:\/\/bossaresearch.com\/?s={search_term_string}\"},\"query-input\":{\"@type\":\"PropertyValueSpecification\",\"valueRequired\":true,\"valueName\":\"search_term_string\"}}],\"inLanguage\":\"en-US\"}]}<\/script>\n<!-- \/ Yoast SEO plugin. -->","yoast_head_json":{"title":"Sobre N\u00f3s | Bossa Research","description":"Conhe\u00e7a a Bossa Research: empresa de pesquisa de mercado comprometida com insights de qualidade para decis\u00f5es estrat\u00e9gicas.","robots":{"index":"index","follow":"follow","max-snippet":"max-snippet:-1","max-image-preview":"max-image-preview:large","max-video-preview":"max-video-preview:-1"},"canonical":"https:\/\/bossaresearch.com\/en\/sobre-nos\/","og_locale":"en_US","og_type":"article","og_title":"Sobre N\u00f3s | Bossa Research","og_description":"Conhe\u00e7a a Bossa Research: empresa de pesquisa de mercado comprometida com insights de qualidade para decis\u00f5es estrat\u00e9gicas.","og_url":"https:\/\/bossaresearch.com\/en\/sobre-nos\/","og_site_name":"Bossa Research","article_modified_time":"2025-01-28T18:12:27+00:00","og_image":[{"width":1,"height":16,"url":"https:\/\/bossaresearch.com\/wp-content\/uploads\/2024\/11\/empresa-de-pesquisa-de-mercado.png","type":"image\/png"}],"twitter_card":"summary_large_image","twitter_misc":{"Est. reading time":"4 minutes"},"schema":{"@context":"https:\/\/schema.org","@graph":[{"@type":"WebPage","@id":"https:\/\/bossaresearch.com\/sobre-nos\/","url":"https:\/\/bossaresearch.com\/sobre-nos\/","name":"Sobre N\u00f3s | Bossa Research","isPartOf":{"@id":"https:\/\/bossaresearch.com\/#website"},"primaryImageOfPage":{"@id":"https:\/\/bossaresearch.com\/sobre-nos\/#primaryimage"},"image":{"@id":"https:\/\/bossaresearch.com\/sobre-nos\/#primaryimage"},"thumbnailUrl":"https:\/\/bossaresearch.com\/wp-content\/uploads\/2024\/11\/empresa-de-pesquisa-de-mercado.png","datePublished":"2024-11-06T15:12:37+00:00","dateModified":"2025-01-28T18:12:27+00:00","description":"Conhe\u00e7a a Bossa Research: empresa de pesquisa de mercado comprometida com insights de qualidade para decis\u00f5es estrat\u00e9gicas.","breadcrumb":{"@id":"https:\/\/bossaresearch.com\/sobre-nos\/#breadcrumb"},"inLanguage":"en-US","potentialAction":[{"@type":"ReadAction","target":["https:\/\/bossaresearch.com\/sobre-nos\/"]}]},{"@type":"ImageObject","inLanguage":"en-US","@id":"https:\/\/bossaresearch.com\/sobre-nos\/#primaryimage","url":"https:\/\/bossaresearch.com\/wp-content\/uploads\/2024\/11\/empresa-de-pesquisa-de-mercado.png","contentUrl":"https:\/\/bossaresearch.com\/wp-content\/uploads\/2024\/11\/empresa-de-pesquisa-de-mercado.png"},{"@type":"BreadcrumbList","@id":"https:\/\/bossaresearch.com\/sobre-nos\/#breadcrumb","itemListElement":[{"@type":"ListItem","position":1,"name":"In\u00edcio","item":"https:\/\/bossaresearch.com\/"},{"@type":"ListItem","position":2,"name":"Sobre n\u00f3s"}]},{"@type":"WebSite","@id":"https:\/\/bossaresearch.com\/#website","url":"https:\/\/bossaresearch.com\/","name":"Bossa Research","description":"UX Research Consultancy","potentialAction":[{"@type":"SearchAction","target":{"@type":"EntryPoint","urlTemplate":"https:\/\/bossaresearch.com\/?s={search_term_string}"},"query-input":{"@type":"PropertyValueSpecification","valueRequired":true,"valueName":"search_term_string"}}],"inLanguage":"en-US"}]}},"_links":{"self":[{"href":"https:\/\/bossaresearch.com\/en\/wp-json\/wp\/v2\/pages\/299","targetHints":{"allow":["GET"]}}],"collection":[{"href":"https:\/\/bossaresearch.com\/en\/wp-json\/wp\/v2\/pages"}],"about":[{"href":"https:\/\/bossaresearch.com\/en\/wp-json\/wp\/v2\/types\/page"}],"author":[{"embeddable":true,"href":"https:\/\/bossaresearch.com\/en\/wp-json\/wp\/v2\/users\/2"}],"replies":[{"embeddable":true,"href":"https:\/\/bossaresearch.com\/en\/wp-json\/wp\/v2\/comments?post=299"}],"version-history":[{"count":6,"href":"https:\/\/bossaresearch.com\/en\/wp-json\/wp\/v2\/pages\/299\/revisions"}],"predecessor-version":[{"id":1642,"href":"https:\/\/bossaresearch.com\/en\/wp-json\/wp\/v2\/pages\/299\/revisions\/1642"}],"wp:attachment":[{"href":"https:\/\/bossaresearch.com\/en\/wp-json\/wp\/v2\/media?parent=299"}],"curies":[{"name":"wp","href":"https:\/\/api.w.org\/{rel}","templated":true}]}}